{"id":29048,"date":"2015-11-05T15:14:45","date_gmt":"2015-11-05T14:14:45","guid":{"rendered":"http:\/\/smallthings.fr\/lespetitslivres\/?page_id=29048"},"modified":"2015-11-05T15:14:45","modified_gmt":"2015-11-05T14:14:45","slug":"contact","status":"publish","type":"page","link":"https:\/\/smallthings.fr\/lespetitslivres\/contact\/","title":{"rendered":"Contact"},"content":{"rendered":"<h2>Une question ? Une suggestion ? Une remarque ? Une demande de partenariat ? N&rsquo;h\u00e9sitez pas !<\/h2>\n<div data-test='contact-form' id='contact-form-29048' class='wp-block-jetpack-contact-form-container '>\n<form action='https:\/\/smallthings.fr\/lespetitslivres\/contact\/#contact-form-29048' method='post' class='contact-form commentsblock'>\n<script>\n\t\t\t( function () {\n\t\t\t\tconst contact_forms = document.getElementsByClassName('contact-form');\n\n\t\t\t\tfor ( const form of contact_forms ) {\n\t\t\t\t\tform.onsubmit = function() {\n\t\t\t\t\t\tconst buttons = form.getElementsByTagName('button');\n\n\t\t\t\t\t\tfor( const button of buttons ) {\n\t\t\t\t\t\t\tbutton.setAttribute('disabled', true);\n\t\t\t\t\t\t}\n\t\t\t\t\t}\n\t\t\t\t}\n\t\t\t} )();\n\t\t<\/script>\n<div style=\"\" class='grunion-field-name-wrap grunion-field-wrap'  >\n<label\n\t\t\t\tfor='g29048-nom'\n\t\t\t\tclass='grunion-field-label name'>Nom<span class=\"grunion-label-required\">(obligatoire)<\/span><\/label>\n<input\n\t\t\t\t\ttype='text'\n\t\t\t\t\tname='g29048-nom'\n\t\t\t\t\tid='g29048-nom'\n\t\t\t\t\tvalue=''\n\t\t\t\t\tclass='name  grunion-field' \n\t\t\t\t\trequired aria-required='true' \/>\n\t<\/div>\n\n<div style=\"\" class='grunion-field-email-wrap grunion-field-wrap'  >\n<label\n\t\t\t\tfor='g29048-email'\n\t\t\t\tclass='grunion-field-label email'>E-mail<span class=\"grunion-label-required\">(obligatoire)<\/span><\/label>\n<input\n\t\t\t\t\ttype='email'\n\t\t\t\t\tname='g29048-email'\n\t\t\t\t\tid='g29048-email'\n\t\t\t\t\tvalue=''\n\t\t\t\t\tclass='email  grunion-field' \n\t\t\t\t\trequired aria-required='true' \/>\n\t<\/div>\n\n<div style=\"\" class='grunion-field-textarea-wrap grunion-field-wrap'  >\n<label\n\t\t\t\tfor='contact-form-comment-g29048-commentaire'\n\t\t\t\tclass='grunion-field-label textarea'>Commentaire<span class=\"grunion-label-required\">(obligatoire)<\/span><\/label>\n<textarea\n\t\t                style=''\n\t\t                name='g29048-commentaire'\n\t\t                id='contact-form-comment-g29048-commentaire'\n\t\t                rows='20' class='textarea  grunion-field'  required aria-required='true'><\/textarea>\n\t<\/div>\n\t<p class='contact-submit'>\n\t\t<button type='submit' class='pushbutton-wide'>Envoyer<\/button>\t\t<input type='hidden' name='contact-form-id' value='29048' \/>\n\t\t<input type='hidden' name='action' value='grunion-contact-form' \/>\n\t\t<input type='hidden' name='contact-form-hash' value='07f2c6045031870a1aee72e69f149c0ff8778dd1' \/>\n\t<\/p>\n<p style=\"display: none !important;\"><label>&#916;<textarea name=\"ak_hp_textarea\" cols=\"45\" rows=\"8\" maxlength=\"100\"><\/textarea><\/label><input type=\"hidden\" id=\"ak_js_1\" name=\"ak_js\" value=\"220\"\/><script>document.getElementById( \"ak_js_1\" ).setAttribute( \"value\", ( new Date() ).getTime() );<\/script><\/p><\/form>\n<\/div>\n","protected":false},"excerpt":{"rendered":"<p>Une question ? Une suggestion ? Une remarque ? Une demande de partenariat ? N&rsquo;h\u00e9sitez pas !<\/p>\n","protected":false},"author":2,"featured_media":0,"parent":0,"menu_order":0,"comment_status":"closed","ping_status":"closed","template":"","meta":{"jetpack_post_was_ever_published":false,"footnotes":""},"yoast_head":"<!-- This site is optimized with the Yoast SEO plugin v21.5 - https:\/\/yoast.com\/wordpress\/plugins\/seo\/ -->\n<title>Contact - Les Petits Livres<\/title>\n<meta name=\"description\" content=\"Une question ? Une suggestion ? Une remarque ? Une demande de partenariat ? N&#039;h\u00e9sitez pas !\" \/>\n<meta name=\"robots\" content=\"index, follow, max-snippet:-1, max-image-preview:large, max-video-preview:-1\" \/>\n<link rel=\"canonical\" href=\"https:\/\/smallthings.fr\/lespetitslivres\/contact\/\" \/>\n<meta property=\"og:locale\" content=\"fr_FR\" \/>\n<meta property=\"og:type\" content=\"article\" \/>\n<meta property=\"og:title\" content=\"Contact - Les Petits Livres\" \/>\n<meta property=\"og:description\" content=\"Une question ? Une suggestion ? Une remarque ? Une demande de partenariat ? N&#039;h\u00e9sitez pas !\" \/>\n<meta property=\"og:url\" content=\"https:\/\/smallthings.fr\/lespetitslivres\/contact\/\" \/>\n<meta property=\"og:site_name\" content=\"Les Petits Livres\" \/>\n<meta name=\"twitter:card\" content=\"summary_large_image\" \/>\n<script type=\"application\/ld+json\" class=\"yoast-schema-graph\">{\"@context\":\"https:\/\/schema.org\",\"@graph\":[{\"@type\":\"WebPage\",\"@id\":\"https:\/\/smallthings.fr\/lespetitslivres\/contact\/\",\"url\":\"https:\/\/smallthings.fr\/lespetitslivres\/contact\/\",\"name\":\"Contact - Les Petits Livres\",\"isPartOf\":{\"@id\":\"https:\/\/smallthings.fr\/lespetitslivres\/#website\"},\"datePublished\":\"2015-11-05T14:14:45+00:00\",\"dateModified\":\"2015-11-05T14:14:45+00:00\",\"description\":\"Une question ? Une suggestion ? Une remarque ? Une demande de partenariat ? N'h\u00e9sitez pas !\",\"breadcrumb\":{\"@id\":\"https:\/\/smallthings.fr\/lespetitslivres\/contact\/#breadcrumb\"},\"inLanguage\":\"fr-FR\",\"potentialAction\":[{\"@type\":\"ReadAction\",\"target\":[\"https:\/\/smallthings.fr\/lespetitslivres\/contact\/\"]}]},{\"@type\":\"BreadcrumbList\",\"@id\":\"https:\/\/smallthings.fr\/lespetitslivres\/contact\/#breadcrumb\",\"itemListElement\":[{\"@type\":\"ListItem\",\"position\":1,\"name\":\"Accueil\",\"item\":\"https:\/\/smallthings.fr\/lespetitslivres\/\"},{\"@type\":\"ListItem\",\"position\":2,\"name\":\"Contact\"}]},{\"@type\":\"WebSite\",\"@id\":\"https:\/\/smallthings.fr\/lespetitslivres\/#website\",\"url\":\"https:\/\/smallthings.fr\/lespetitslivres\/\",\"name\":\"Les Petits Livres\",\"description\":\"by Small Things\",\"potentialAction\":[{\"@type\":\"SearchAction\",\"target\":{\"@type\":\"EntryPoint\",\"urlTemplate\":\"https:\/\/smallthings.fr\/lespetitslivres\/?s={search_term_string}\"},\"query-input\":\"required name=search_term_string\"}],\"inLanguage\":\"fr-FR\"}]}<\/script>\n<!-- \/ Yoast SEO plugin. -->","yoast_head_json":{"title":"Contact - Les Petits Livres","description":"Une question ? Une suggestion ? Une remarque ? Une demande de partenariat ? N'h\u00e9sitez pas !","robots":{"index":"index","follow":"follow","max-snippet":"max-snippet:-1","max-image-preview":"max-image-preview:large","max-video-preview":"max-video-preview:-1"},"canonical":"https:\/\/smallthings.fr\/lespetitslivres\/contact\/","og_locale":"fr_FR","og_type":"article","og_title":"Contact - Les Petits Livres","og_description":"Une question ? Une suggestion ? Une remarque ? Une demande de partenariat ? N'h\u00e9sitez pas !","og_url":"https:\/\/smallthings.fr\/lespetitslivres\/contact\/","og_site_name":"Les Petits Livres","twitter_card":"summary_large_image","schema":{"@context":"https:\/\/schema.org","@graph":[{"@type":"WebPage","@id":"https:\/\/smallthings.fr\/lespetitslivres\/contact\/","url":"https:\/\/smallthings.fr\/lespetitslivres\/contact\/","name":"Contact - Les Petits Livres","isPartOf":{"@id":"https:\/\/smallthings.fr\/lespetitslivres\/#website"},"datePublished":"2015-11-05T14:14:45+00:00","dateModified":"2015-11-05T14:14:45+00:00","description":"Une question ? Une suggestion ? Une remarque ? Une demande de partenariat ? N'h\u00e9sitez pas !","breadcrumb":{"@id":"https:\/\/smallthings.fr\/lespetitslivres\/contact\/#breadcrumb"},"inLanguage":"fr-FR","potentialAction":[{"@type":"ReadAction","target":["https:\/\/smallthings.fr\/lespetitslivres\/contact\/"]}]},{"@type":"BreadcrumbList","@id":"https:\/\/smallthings.fr\/lespetitslivres\/contact\/#breadcrumb","itemListElement":[{"@type":"ListItem","position":1,"name":"Accueil","item":"https:\/\/smallthings.fr\/lespetitslivres\/"},{"@type":"ListItem","position":2,"name":"Contact"}]},{"@type":"WebSite","@id":"https:\/\/smallthings.fr\/lespetitslivres\/#website","url":"https:\/\/smallthings.fr\/lespetitslivres\/","name":"Les Petits Livres","description":"by Small Things","potentialAction":[{"@type":"SearchAction","target":{"@type":"EntryPoint","urlTemplate":"https:\/\/smallthings.fr\/lespetitslivres\/?s={search_term_string}"},"query-input":"required name=search_term_string"}],"inLanguage":"fr-FR"}]}},"jetpack_sharing_enabled":true,"jetpack_shortlink":"https:\/\/wp.me\/P6Un21-7yw","jetpack-related-posts":[{"id":29045,"url":"https:\/\/smallthings.fr\/lespetitslivres\/qui-sommes-nous\/","url_meta":{"origin":29048,"position":0},"title":"Qui sommes-nous ?","author":"Claire","date":"5 novembre 2015","format":false,"excerpt":"Les Petits Livres sont d\u00e9riv\u00e9s de la rubrique Livres du webzine SmallThings, qui, victime de son succ\u00e8s, a d\u00e9cid\u00e9 de voler de ses propres ailes. Les Petits Livres voient le jour le 4 novembre 2015. Cr\u00e9\u00e9s par Claire Lois avec la complicit\u00e9 de Thomas (fondateurs de SmallThings), Les Petits Livres\u2026","rel":"","context":"Article similaire","block_context":{"text":"Article similaire","link":""},"img":{"alt_text":"","src":"","width":0,"height":0},"classes":[]},{"id":2,"url":"https:\/\/smallthings.fr\/lespetitslivres\/page-d-exemple\/","url_meta":{"origin":29048,"position":1},"title":"Page d&rsquo;exemple","author":"admin","date":"21 octobre 2015","format":false,"excerpt":"Voici un exemple de page. Elle est diff\u00e9rente d'un article de blog, en cela qu'elle restera \u00e0 la m\u00eame place, et s'affichera dans le menu de navigation de votre site (en fonction de votre th\u00e8me). La plupart des gens commencent par \u00e9crire une page \u00ab \u00c0 Propos \u00bb qui les\u2026","rel":"","context":"Article similaire","block_context":{"text":"Article similaire","link":""},"img":{"alt_text":"","src":"","width":0,"height":0},"classes":[]}],"_links":{"self":[{"href":"https:\/\/smallthings.fr\/lespetitslivres\/wp-json\/wp\/v2\/pages\/29048"}],"collection":[{"href":"https:\/\/smallthings.fr\/lespetitslivres\/wp-json\/wp\/v2\/pages"}],"about":[{"href":"https:\/\/smallthings.fr\/lespetitslivres\/wp-json\/wp\/v2\/types\/page"}],"author":[{"embeddable":true,"href":"https:\/\/smallthings.fr\/lespetitslivres\/wp-json\/wp\/v2\/users\/2"}],"replies":[{"embeddable":true,"href":"https:\/\/smallthings.fr\/lespetitslivres\/wp-json\/wp\/v2\/comments?post=29048"}],"version-history":[{"count":3,"href":"https:\/\/smallthings.fr\/lespetitslivres\/wp-json\/wp\/v2\/pages\/29048\/revisions"}],"predecessor-version":[{"id":29051,"href":"https:\/\/smallthings.fr\/lespetitslivres\/wp-json\/wp\/v2\/pages\/29048\/revisions\/29051"}],"wp:attachment":[{"href":"https:\/\/smallthings.fr\/lespetitslivres\/wp-json\/wp\/v2\/media?parent=29048"}],"curies":[{"name":"wp","href":"https:\/\/api.w.org\/{rel}","templated":true}]}}