{"id":29045,"date":"2015-11-05T14:57:12","date_gmt":"2015-11-05T13:57:12","guid":{"rendered":"http:\/\/smallthings.fr\/lespetitslivres\/?page_id=29045"},"modified":"2016-02-02T17:11:45","modified_gmt":"2016-02-02T16:11:45","slug":"qui-sommes-nous","status":"publish","type":"page","link":"https:\/\/smallthings.fr\/lespetitslivres\/qui-sommes-nous\/","title":{"rendered":"Qui sommes-nous ?"},"content":{"rendered":"<h2>Les Petits Livres sont d\u00e9riv\u00e9s de la rubrique Livres du webzine <a href=\"http:\/\/smallthings.fr\" target=\"_blank\">SmallThings<\/a>, qui, victime de son succ\u00e8s, a d\u00e9cid\u00e9 de voler de ses propres ailes. Les Petits Livres voient le jour le 4 novembre 2015. Cr\u00e9\u00e9s par Claire Lois avec la complicit\u00e9 de Thomas (fondateurs de SmallThings), Les Petits Livres b\u00e9n\u00e9ficient d&rsquo;une \u00e9quipe de r\u00e9dacteurs fid\u00e8les.<\/h2>\n<p><strong>Claire<\/strong>, fondatrice du site et r\u00e9dactrice en chef. Son dada : la fiction fran\u00e7aise et \u00e9trang\u00e8re, les histoires de personnages, les romans psychologiques&#8230; et les bons thrillers, qu&rsquo;elle d\u00e9vore puis critique avec plaisir. Responsable des partenariats avec les maisons d&rsquo;\u00e9dition, elle propose r\u00e9guli\u00e8rement \u00e0 sa fine \u00e9quipe des lectures diversifi\u00e9es.<\/p>\n<p><strong>Audrey Ch\u00e8vrefeuille<\/strong>, sp\u00e9cialiste romans fran\u00e7ais, premiers romans et romans historiques. Elle reste \u00e0 l&rsquo;affut de toute parution susceptible de l&rsquo;int\u00e9resser, quel qu&rsquo;en soit le domaine. Elle dirige de son c\u00f4t\u00e9 le blog litt\u00e9raire et \u00e9ditorial <a href=\"http:\/\/editoworld.over-blog.com\/\" target=\"_blank\">Editoworld<\/a>.<\/p>\n<p><strong>C\u00e9cile<\/strong> : passionn\u00e9e de litt\u00e9rature du monde, sensible et critique litt\u00e9raire aff\u00fbt\u00e9e, elle d\u00e9crypte les qualit\u00e9s et les faiblesses des romans \u00e9trangers qui font l&rsquo;actualit\u00e9.<\/p>\n<p><strong>Jennifer<\/strong>, sp\u00e9cialiste des romans fantastiques, \u00e9galement amatrice de thrillers. Hyperactive, la lecture de dizaines de romans par mois ne lui fait certainement pas peur ! Elle tient aussi un blog personnel : <a href=\"https:\/\/didiconseils.wordpress.com\/\" target=\"_blank\">Didi Conseils<\/a>.<\/p>\n<p><strong>June<\/strong> touche \u00e0 tous les domaines. Curieuse, elle critique aussi bien les polars, qu&rsquo;elle adore, que les romans fran\u00e7ais ou les essais. Elle poss\u00e8de \u00e9galement son propre blog, plus g\u00e9n\u00e9raliste : <a href=\"https:\/\/juneandcie.wordpress.com\/\" target=\"_blank\">June &amp; cie<\/a>.<\/p>\n<p><strong>Lola L.<\/strong> d\u00e9vore les livres depuis son plus jeune \u00e2ge, des livres de tous les go\u00fbts, de toutes les tailles et de toutes les couleurs. Son p\u00each\u00e9 mignon ? Lire sous la couette, avec son chat d&rsquo;un c\u00f4t\u00e9 et sa bouillotte de l&rsquo;autre. Dans la vraie vie, elle travaille dans le fabuleux univers des livres. Son c\u0153ur appartient \u00e0 la litt\u00e9rature \u00e9trang\u00e8re mais elle ne boude pas un thriller bien sanglant, une romance originale ou une jolie BD.<\/p>\n<p><strong>Paulo<\/strong> aime les livres. Mais surtout, il aime les livres avec des images dedans : vous l&rsquo;aurez compris, sa sp\u00e9cialit\u00e9 \u00e0 lui, ce sont les BDs ! Et sinon, c&rsquo;est le seul gar\u00e7on de l&rsquo;\u00e9quipe, mais il le vit bien !<\/p>\n<p><strong>Rebecca<\/strong> est notre sp\u00e9cialiste mangas. Japonaise dans l&rsquo;\u00e2me, elle replace chaque manga dans son contexte culturel, social et historique. Ses critiques sont un r\u00e9gal pour les connaisseurs et non connaisseurs.<\/p>\n<p>&nbsp;<\/p>\n<h3 style=\"text-align: center;\">Les Petits Livres recrutent toujours de nouveaux r\u00e9dacteurs, alors, si l&rsquo;aventure vous tente, contactez-nous !<\/h3>\n","protected":false},"excerpt":{"rendered":"<p>Les Petits Livres sont d\u00e9riv\u00e9s de la rubrique Livres du webzine SmallThings, qui, victime de son succ\u00e8s, a d\u00e9cid\u00e9 de voler de ses propres ailes. Les Petits Livres voient le jour le 4 novembre 2015. Cr\u00e9\u00e9s par Claire Lois avec la complicit\u00e9 de Thomas (fondateurs de SmallThings), Les Petits Livres b\u00e9n\u00e9ficient d&rsquo;une \u00e9quipe de r\u00e9dacteurs<\/p>\n","protected":false},"author":2,"featured_media":0,"parent":0,"menu_order":0,"comment_status":"closed","ping_status":"closed","template":"","meta":{"jetpack_post_was_ever_published":false,"footnotes":""},"yoast_head":"<!-- This site is optimized with the Yoast SEO plugin v21.5 - https:\/\/yoast.com\/wordpress\/plugins\/seo\/ -->\n<title>Qui sommes-nous ? - Les Petits Livres<\/title>\n<meta name=\"description\" content=\"Les Petits Livres sont d\u00e9riv\u00e9s de la rubrique Livres du webzine SmallThings, qui, victime de son succ\u00e8s, a d\u00e9cid\u00e9 de voler de ses propres ailes. Les Petits\" \/>\n<meta name=\"robots\" content=\"index, follow, max-snippet:-1, max-image-preview:large, max-video-preview:-1\" \/>\n<link rel=\"canonical\" href=\"https:\/\/smallthings.fr\/lespetitslivres\/qui-sommes-nous\/\" \/>\n<meta property=\"og:locale\" content=\"fr_FR\" \/>\n<meta property=\"og:type\" content=\"article\" \/>\n<meta property=\"og:title\" content=\"Qui sommes-nous ? - Les Petits Livres\" \/>\n<meta property=\"og:description\" content=\"Les Petits Livres sont d\u00e9riv\u00e9s de la rubrique Livres du webzine SmallThings, qui, victime de son succ\u00e8s, a d\u00e9cid\u00e9 de voler de ses propres ailes. Les Petits\" \/>\n<meta property=\"og:url\" content=\"https:\/\/smallthings.fr\/lespetitslivres\/qui-sommes-nous\/\" \/>\n<meta property=\"og:site_name\" content=\"Les Petits Livres\" \/>\n<meta property=\"article:modified_time\" content=\"2016-02-02T16:11:45+00:00\" \/>\n<meta name=\"twitter:card\" content=\"summary_large_image\" \/>\n<meta name=\"twitter:label1\" content=\"Dur\u00e9e de lecture estim\u00e9e\" \/>\n\t<meta name=\"twitter:data1\" content=\"2 minutes\" \/>\n<script type=\"application\/ld+json\" class=\"yoast-schema-graph\">{\"@context\":\"https:\/\/schema.org\",\"@graph\":[{\"@type\":\"WebPage\",\"@id\":\"https:\/\/smallthings.fr\/lespetitslivres\/qui-sommes-nous\/\",\"url\":\"https:\/\/smallthings.fr\/lespetitslivres\/qui-sommes-nous\/\",\"name\":\"Qui sommes-nous ? - Les Petits Livres\",\"isPartOf\":{\"@id\":\"https:\/\/smallthings.fr\/lespetitslivres\/#website\"},\"datePublished\":\"2015-11-05T13:57:12+00:00\",\"dateModified\":\"2016-02-02T16:11:45+00:00\",\"description\":\"Les Petits Livres sont d\u00e9riv\u00e9s de la rubrique Livres du webzine SmallThings, qui, victime de son succ\u00e8s, a d\u00e9cid\u00e9 de voler de ses propres ailes. Les Petits\",\"breadcrumb\":{\"@id\":\"https:\/\/smallthings.fr\/lespetitslivres\/qui-sommes-nous\/#breadcrumb\"},\"inLanguage\":\"fr-FR\",\"potentialAction\":[{\"@type\":\"ReadAction\",\"target\":[\"https:\/\/smallthings.fr\/lespetitslivres\/qui-sommes-nous\/\"]}]},{\"@type\":\"BreadcrumbList\",\"@id\":\"https:\/\/smallthings.fr\/lespetitslivres\/qui-sommes-nous\/#breadcrumb\",\"itemListElement\":[{\"@type\":\"ListItem\",\"position\":1,\"name\":\"Accueil\",\"item\":\"https:\/\/smallthings.fr\/lespetitslivres\/\"},{\"@type\":\"ListItem\",\"position\":2,\"name\":\"Qui sommes-nous ?\"}]},{\"@type\":\"WebSite\",\"@id\":\"https:\/\/smallthings.fr\/lespetitslivres\/#website\",\"url\":\"https:\/\/smallthings.fr\/lespetitslivres\/\",\"name\":\"Les Petits Livres\",\"description\":\"by Small Things\",\"potentialAction\":[{\"@type\":\"SearchAction\",\"target\":{\"@type\":\"EntryPoint\",\"urlTemplate\":\"https:\/\/smallthings.fr\/lespetitslivres\/?s={search_term_string}\"},\"query-input\":\"required name=search_term_string\"}],\"inLanguage\":\"fr-FR\"}]}<\/script>\n<!-- \/ Yoast SEO plugin. -->","yoast_head_json":{"title":"Qui sommes-nous ? - Les Petits Livres","description":"Les Petits Livres sont d\u00e9riv\u00e9s de la rubrique Livres du webzine SmallThings, qui, victime de son succ\u00e8s, a d\u00e9cid\u00e9 de voler de ses propres ailes. Les Petits","robots":{"index":"index","follow":"follow","max-snippet":"max-snippet:-1","max-image-preview":"max-image-preview:large","max-video-preview":"max-video-preview:-1"},"canonical":"https:\/\/smallthings.fr\/lespetitslivres\/qui-sommes-nous\/","og_locale":"fr_FR","og_type":"article","og_title":"Qui sommes-nous ? - Les Petits Livres","og_description":"Les Petits Livres sont d\u00e9riv\u00e9s de la rubrique Livres du webzine SmallThings, qui, victime de son succ\u00e8s, a d\u00e9cid\u00e9 de voler de ses propres ailes. Les Petits","og_url":"https:\/\/smallthings.fr\/lespetitslivres\/qui-sommes-nous\/","og_site_name":"Les Petits Livres","article_modified_time":"2016-02-02T16:11:45+00:00","twitter_card":"summary_large_image","twitter_misc":{"Dur\u00e9e de lecture estim\u00e9e":"2 minutes"},"schema":{"@context":"https:\/\/schema.org","@graph":[{"@type":"WebPage","@id":"https:\/\/smallthings.fr\/lespetitslivres\/qui-sommes-nous\/","url":"https:\/\/smallthings.fr\/lespetitslivres\/qui-sommes-nous\/","name":"Qui sommes-nous ? - Les Petits Livres","isPartOf":{"@id":"https:\/\/smallthings.fr\/lespetitslivres\/#website"},"datePublished":"2015-11-05T13:57:12+00:00","dateModified":"2016-02-02T16:11:45+00:00","description":"Les Petits Livres sont d\u00e9riv\u00e9s de la rubrique Livres du webzine SmallThings, qui, victime de son succ\u00e8s, a d\u00e9cid\u00e9 de voler de ses propres ailes. Les Petits","breadcrumb":{"@id":"https:\/\/smallthings.fr\/lespetitslivres\/qui-sommes-nous\/#breadcrumb"},"inLanguage":"fr-FR","potentialAction":[{"@type":"ReadAction","target":["https:\/\/smallthings.fr\/lespetitslivres\/qui-sommes-nous\/"]}]},{"@type":"BreadcrumbList","@id":"https:\/\/smallthings.fr\/lespetitslivres\/qui-sommes-nous\/#breadcrumb","itemListElement":[{"@type":"ListItem","position":1,"name":"Accueil","item":"https:\/\/smallthings.fr\/lespetitslivres\/"},{"@type":"ListItem","position":2,"name":"Qui sommes-nous ?"}]},{"@type":"WebSite","@id":"https:\/\/smallthings.fr\/lespetitslivres\/#website","url":"https:\/\/smallthings.fr\/lespetitslivres\/","name":"Les Petits Livres","description":"by Small Things","potentialAction":[{"@type":"SearchAction","target":{"@type":"EntryPoint","urlTemplate":"https:\/\/smallthings.fr\/lespetitslivres\/?s={search_term_string}"},"query-input":"required name=search_term_string"}],"inLanguage":"fr-FR"}]}},"jetpack_sharing_enabled":true,"jetpack_shortlink":"https:\/\/wp.me\/P6Un21-7yt","jetpack-related-posts":[{"id":2,"url":"https:\/\/smallthings.fr\/lespetitslivres\/page-d-exemple\/","url_meta":{"origin":29045,"position":0},"title":"Page d&rsquo;exemple","author":"admin","date":"21 octobre 2015","format":false,"excerpt":"Voici un exemple de page. Elle est diff\u00e9rente d'un article de blog, en cela qu'elle restera \u00e0 la m\u00eame place, et s'affichera dans le menu de navigation de votre site (en fonction de votre th\u00e8me). La plupart des gens commencent par \u00e9crire une page \u00ab \u00c0 Propos \u00bb qui les\u2026","rel":"","context":"Article similaire","block_context":{"text":"Article similaire","link":""},"img":{"alt_text":"","src":"","width":0,"height":0},"classes":[]},{"id":29048,"url":"https:\/\/smallthings.fr\/lespetitslivres\/contact\/","url_meta":{"origin":29045,"position":1},"title":"Contact","author":"Claire","date":"5 novembre 2015","format":false,"excerpt":"Une question ? Une suggestion ? Une remarque ? Une demande de partenariat ? N'h\u00e9sitez pas !","rel":"","context":"Article similaire","block_context":{"text":"Article similaire","link":""},"img":{"alt_text":"","src":"","width":0,"height":0},"classes":[]}],"_links":{"self":[{"href":"https:\/\/smallthings.fr\/lespetitslivres\/wp-json\/wp\/v2\/pages\/29045"}],"collection":[{"href":"https:\/\/smallthings.fr\/lespetitslivres\/wp-json\/wp\/v2\/pages"}],"about":[{"href":"https:\/\/smallthings.fr\/lespetitslivres\/wp-json\/wp\/v2\/types\/page"}],"author":[{"embeddable":true,"href":"https:\/\/smallthings.fr\/lespetitslivres\/wp-json\/wp\/v2\/users\/2"}],"replies":[{"embeddable":true,"href":"https:\/\/smallthings.fr\/lespetitslivres\/wp-json\/wp\/v2\/comments?post=29045"}],"version-history":[{"count":10,"href":"https:\/\/smallthings.fr\/lespetitslivres\/wp-json\/wp\/v2\/pages\/29045\/revisions"}],"predecessor-version":[{"id":29126,"href":"https:\/\/smallthings.fr\/lespetitslivres\/wp-json\/wp\/v2\/pages\/29045\/revisions\/29126"}],"wp:attachment":[{"href":"https:\/\/smallthings.fr\/lespetitslivres\/wp-json\/wp\/v2\/media?parent=29045"}],"curies":[{"name":"wp","href":"https:\/\/api.w.org\/{rel}","templated":true}]}}